{"id":2973,"date":"2021-07-06T10:37:55","date_gmt":"2021-07-06T10:37:55","guid":{"rendered":"https:\/\/gaudistone.com\/politique-des-cookies\/"},"modified":"2023-09-17T08:41:03","modified_gmt":"2023-09-17T08:41:03","slug":"politique-des-cookies","status":"publish","type":"page","link":"https:\/\/gaudistone.com\/fr\/politique-des-cookies\/","title":{"rendered":"Politique des cookies"},"content":{"rendered":"<section class=\"wpb-content-wrapper\">[vc_row][vc_column][vc_column_text]Un <em>cookie<\/em> est un petit fichier texte qui est stock\u00e9 dans votre navigateur lorsque vous visitez presque n&rsquo;importe quel site web. Il est utile pour le site web de pouvoir se souvenir de votre visite lorsque vous revenez sur cette page. Les <em>cookies<\/em> stockent g\u00e9n\u00e9ralement des informations de nature technique, des pr\u00e9f\u00e9rences personnelles, la personnalisation du contenu, des statistiques d&rsquo;utilisation, des liens vers des r\u00e9seaux sociaux, l&rsquo;acc\u00e8s \u00e0 des comptes d&rsquo;utilisateurs, etc. L&rsquo;objectif du <em>cookie<\/em> est d&rsquo;adapter le contenu du site web \u00e0 votre profil et \u00e0 vos besoins. Sans <em>cookies<\/em>, les services offerts par chaque page seraient consid\u00e9rablement r\u00e9duits. Pour plus d&rsquo;informations sur ce que sont les <em>cookies<\/em>, ce qu&rsquo;ils stockent, comment les supprimer, les d\u00e9sactiver, etc.<\/p>\n<p><strong>Cookies utilis\u00e9s sur ce site web<\/strong><\/p>\n<p>Conform\u00e9ment aux directives de l&rsquo;agence espagnole de protection des donn\u00e9es, nous d\u00e9taillons l&rsquo;utilisation des <em>cookies<\/em> sur ce site Web afin de vous informer le plus pr\u00e9cis\u00e9ment possible.<\/p>\n<p>Ce site web utilise les <strong>cookies suivants<\/strong> :<\/p>\n<ul>\n<li>Les cookies de session, pour s&rsquo;assurer que les utilisateurs qui publient des commentaires sur le blog sont des \u00eatres humains et non des applications automatis\u00e9es. C&rsquo;est ainsi que l&rsquo;on lutte contre le <em>spam<\/em>.<\/li>\n<\/ul>\n<p>Ce site Web utilise les <strong>cookies de tiers<\/strong> suivants:<\/p>\n<ul>\n<li>Google Analytics : Stocke des <em>cookies<\/em> pour compiler des statistiques sur le trafic et le volume de visites sur ce site. En utilisant ce site web, vous consentez au traitement des donn\u00e9es vous concernant par Google. Par cons\u00e9quent, vous devez exercer vos droits \u00e0 cet \u00e9gard en contactant directement Google.<\/li>\n<li>R\u00e9seaux sociaux : chaque r\u00e9seau social utilise ses propres <em>cookies<\/em> pour vous permettre de cliquer sur les boutons \u00ab\u00a0<em>J&rsquo;aime<\/em>\u00a0\u00bb ou \u00ab\u00a0<em>Partager<\/em>\u00ab\u00a0.<\/li>\n<\/ul>\n<p><strong>D\u00e9sactivation ou suppression des cookies<\/strong><\/p>\n<p>Vous pouvez \u00e0 tout moment exercer votre droit de d\u00e9sactiver ou de supprimer les cookies de ce site web. Ces actions sont effectu\u00e9es diff\u00e9remment selon le navigateur que vous utilisez.<\/p>\n<p><strong>Notes additionnelles<\/strong><\/p>\n<ul>\n<li>Ni ce site web ni ses repr\u00e9sentants l\u00e9gaux ne sont responsables du contenu ou de la v\u00e9racit\u00e9 des politiques de confidentialit\u00e9 des tiers mentionn\u00e9s dans cette politique en mati\u00e8re de <em>cookies<\/em>.<\/li>\n<li>Les navigateurs web sont les outils responsables du stockage des <em>cookies<\/em> et c&rsquo;est l\u00e0 que vous devez exercer votre droit de les supprimer ou de les d\u00e9sactiver. Ni ce site web ni ses repr\u00e9sentants l\u00e9gaux ne peuvent garantir le traitement correct ou incorrect des <em>cookies<\/em> par les navigateurs susmentionn\u00e9s.<\/li>\n<li>Dans certains cas, il est n\u00e9cessaire d&rsquo;installer des <em>cookies<\/em> afin que le navigateur n&rsquo;oublie pas votre d\u00e9cision de ne pas les accepter.<\/li>\n<li>Dans le cas des <em>cookies<\/em> Google Analytics, cette soci\u00e9t\u00e9 stocke les <em>cookies<\/em> sur des serveurs situ\u00e9s aux \u00c9tats-Unis et s&rsquo;engage \u00e0 ne pas les partager avec des tiers, sauf dans les cas o\u00f9 cela est n\u00e9cessaire pour le fonctionnement du syst\u00e8me ou lorsque la loi l&rsquo;exige. Selon Google, il n&rsquo;enregistre pas votre adresse IP. Google Inc. est membre de l&rsquo;accord Port Securis\u00e9 qui garantit que toutes les donn\u00e9es transf\u00e9r\u00e9es seront trait\u00e9es avec un niveau de protection conforme \u00e0 la r\u00e9glementation europ\u00e9enne. Des informations d\u00e9taill\u00e9es sur ce sujet sont disponibles <a href=\"http:\/\/safeharbor.export.gov\/companyinfo.aspx?id=16626\" target=\"_blank\" rel=\"noreferrer noopener\">sur ce lien<\/a>. Pour plus d&rsquo;informations sur l&rsquo;utilisation des cookies par Google, <a href=\"https:\/\/developers.google.com\/analytics\/devguides\/collection\/analyticsjs\/cookie-usage?hl=es&amp;csw=1\" target=\"_blank\" rel=\"noreferrer noopener\">veuillez suivre ce lien.<\/a><\/li>\n<li>Si vous avez des doutes ou des questions concernant cette politique en mati\u00e8re de <em>cookies<\/em>, n&rsquo;h\u00e9sitez pas \u00e0 nous contacter via la section contact.<\/li>\n<\/ul>\n<p><strong>Qu&rsquo;est-ce qu&rsquo;un cookie?<\/strong><\/p>\n<p>Un <em>cookie<\/em> est un fichier texte <strong>inoffensif<\/strong> qui est stock\u00e9 dans votre navigateur lorsque vous visitez presque n&rsquo;importe quel site web. Le but du <em>cookie<\/em> est de permettre au site web de se souvenir de votre visite lorsque vous revenez sur cette page. Bien que de nombreuses personnes l&rsquo;ignorent, les <em>cookies<\/em> sont utilis\u00e9s depuis 20 ans, lorsque les premiers navigateurs pour le World Wide Web sont apparus.<\/p>\n<p><strong>Qu&rsquo;est-ce qui n&rsquo;est PAS un cookie?<\/strong><\/p>\n<p>Il ne s&rsquo;agit pas d&rsquo;un virus, d&rsquo;un troyen, d&rsquo;un ver, d&rsquo;un spam, d&rsquo;un logiciel espion ou d&rsquo;une fen\u00eatre contextuelle.<\/p>\n<p><strong>Quelles informations un <em>cookie<\/em> stocke-t-il ?<\/strong><\/p>\n<p>Les <em>cookies<\/em> ne stockent g\u00e9n\u00e9ralement pas d&rsquo;informations sensibles vous concernant, telles que votre carte de cr\u00e9dit ou vos coordonn\u00e9es bancaires, des photographies, votre carte d&rsquo;identit\u00e9 ou des informations personnelles, etc. Les donn\u00e9es qu&rsquo;ils stockent sont de nature technique, pr\u00e9f\u00e9rences personnelles, personnalisation du contenu, etc.<\/p>\n<p>Le serveur web ne vous associe pas en tant que personne, mais votre navigateur web. En fait, si vous naviguez habituellement avec Internet Explorer et que vous essayez de naviguer sur le m\u00eame site web avec Firefox ou Chrome, vous verrez que le site web ne se rend pas compte que vous \u00eates la m\u00eame personne parce qu&rsquo;il associe en fait le navigateur, et non la personne.<\/p>\n<p><strong>Quels sont les diff\u00e9rents types de <em>cookies<\/em> ?<\/strong><\/p>\n<ul>\n<li><em>Cookies<\/em> techniques : ce sont les plus basiques et ils permettent, entre autres, de savoir quand un humain ou une application automatis\u00e9e navigue, quand un utilisateur anonyme et un utilisateur enregistr\u00e9 naviguent, des t\u00e2ches de base pour le fonctionnement de tout site web dynamique.<\/li>\n<li><em>Cookies<\/em> d&rsquo;analyse : ils recueillent des informations sur le type de navigation que vous effectuez, les rubriques que vous utilisez le plus, les produits consult\u00e9s, le temps d&rsquo;utilisation, la langue, etc.<\/li>\n<li><em>Cookies<\/em> publicitaires : ils affichent de la publicit\u00e9 en fonction de vos habitudes de navigation, de votre pays d&rsquo;origine, de votre langue, etc.<\/li>\n<\/ul>\n<p><strong>Qu&rsquo;est-ce qu&rsquo;un <em>cookie<\/em> de premi\u00e8re partie et un cookie de tierce partie ?<\/strong><\/p>\n<p>Les c<em>ookies de premi\u00e8re partie<\/em> sont ceux g\u00e9n\u00e9r\u00e9s par le site web que vous visitez et les cookies de <em>tierce partie<\/em> sont ceux g\u00e9n\u00e9r\u00e9s par des services ou des fournisseurs externes tels que Facebook, Twitter, Google, etc.<\/p>\n<p><strong>Que se passe-t-il si je d\u00e9sactive les <em>cookies<\/em>?<\/strong><\/p>\n<p>Pour vous aider \u00e0 comprendre dans quelle mesure les <em>cookies<\/em> peuvent \u00eatre d\u00e9sactiv\u00e9s, voici quelques exemples :<\/p>\n<ul>\n<li>Vous ne pouvez pas partager le contenu de ce site web sur Facebook, Twitter ou tout autre r\u00e9seau social.<\/li>\n<li>Le site web ne sera pas en mesure d&rsquo;adapter le contenu \u00e0 vos pr\u00e9f\u00e9rences personnelles, comme c&rsquo;est souvent le cas pour les boutiques en ligne.<\/li>\n<li>Vous ne pourrez pas acc\u00e9der \u00e0 la zone personnelle de ce site web, telle que <em>Mon compte<\/em>, <em>Mon profil<\/em> ou <em>Mes commandes<\/em>.<\/li>\n<li>Magasins en ligne : il vous sera impossible de faire des achats en ligne, vous devrez le faire par t\u00e9l\u00e9phone ou en vous rendant dans le magasin physique si vous en avez un.<\/li>\n<li>Il ne sera pas possible de personnaliser vos pr\u00e9f\u00e9rences g\u00e9ographiques telles que le fuseau horaire, la devise ou la langue.<\/li>\n<li>Le site web ne sera pas en mesure d&rsquo;effectuer des analyses sur les visiteurs et le trafic web, ce qui rendra le site web difficilement comp\u00e9titif.<\/li>\n<li>Vous ne pourrez pas \u00e9crire sur le blog, t\u00e9l\u00e9charger des photos, publier des commentaires, \u00e9valuer ou noter le contenu. Le site web ne sera pas non plus en mesure de d\u00e9terminer si vous \u00eates un \u00eatre humain ou une application automatis\u00e9e publiant des <em>spams<\/em>.<\/li>\n<li>Il ne sera pas possible d&rsquo;afficher de la publicit\u00e9 cibl\u00e9e, ce qui r\u00e9duira les recettes publicitaires du site web.<\/li>\n<li>Tous les r\u00e9seaux sociaux utilisent des <em>cookies<\/em>. Si vous les d\u00e9sactivez, vous ne pourrez utiliser aucun r\u00e9seau social.<\/li>\n<\/ul>\n<p><strong>Les <em>cookies<\/em> peuvent-ils \u00eatre supprim\u00e9s?<\/strong><\/p>\n<p>Oui. Non seulement supprimer, mais aussi bloquer, soit de mani\u00e8re g\u00e9n\u00e9rale, soit pour un domaine sp\u00e9cifique.<\/p>\n<p>Pour supprimer les <em>cookies<\/em> d&rsquo;un site web, vous devez aller dans les param\u00e8tres de votre navigateur et vous pouvez y rechercher les cookies associ\u00e9s au domaine en question et les supprimer.<\/p>\n<p><strong>Param\u00e8tres des <em>cookies<\/em> pour les navigateurs les plus populaires<\/strong><\/p>\n<p>Voici comment acc\u00e9der \u00e0 un <em>cookie<\/em> particulier dans le navigateur <strong>Chrome<\/strong>. Note &#8211; Ces \u00e9tapes peuvent varier en fonction de la version de votre navigateur:<\/p>\n<ol>\n<li>Allez dans Param\u00e8tres ou Pr\u00e9f\u00e9rences via le menu Fichier ou en cliquant sur l&rsquo;ic\u00f4ne de personnalisation en haut \u00e0 droite.<\/li>\n<li>Vous verrez diff\u00e9rentes sections, cliquez sur l&rsquo;option A<em>fficher les options avanc\u00e9es.<\/em><\/li>\n<li>Allez dans <em>Confidentialit\u00e9<\/em>, puis dans <em>Param\u00e8tres de contenu<\/em>.<\/li>\n<li>S\u00e9lectionnez <em>Tous les cookies et donn\u00e9es de site<\/em>.<\/li>\n<li>Une liste appara\u00eetra avec tous les <em>cookies<\/em> tri\u00e9s par domaine. Pour faciliter la recherche de <em>cookies<\/em> pour un domaine particulier, saisissez une partie ou la totalit\u00e9 de l&rsquo;adresse dans le champ <em>Rechercher des cookies.<\/em><\/li>\n<li>Apr\u00e8s avoir effectu\u00e9 ce filtre, une ou plusieurs lignes contenant les <em>cookies<\/em> du site web demand\u00e9 appara\u00eetront \u00e0 l&rsquo;\u00e9cran. Il suffit maintenant de le s\u00e9lectionner et d&rsquo;appuyer sur <em>X<\/em> pour le supprimer.<\/li>\n<\/ol>\n<p>Pour acc\u00e9der aux param\u00e8tres des <em>cookies<\/em> de votre navigateur <strong>Internet Explorer<\/strong>, suivez les \u00e9tapes suivantes (elles peuvent varier en fonction de la version de votre navigateur) :<\/p>\n<ol>\n<li>Allez dans <em>Outils<\/em>, puis <em>Options Internet<\/em><\/li>\n<li>Cliquez sur <em>Confidentialit\u00e9<\/em>.<\/li>\n<li>D\u00e9placez le curseur pour d\u00e9finir le niveau de confidentialit\u00e9 souhait\u00e9.<\/li>\n<\/ol>\n<p>Pour acc\u00e9der aux param\u00e8tres des <em>cookies<\/em> de votre navigateur <strong>Firefox<\/strong>, suivez les \u00e9tapes suivantes (elles peuvent varier en fonction de la version du navigateur):<\/p>\n<ol>\n<li>Allez dans <em>Options<\/em> ou <em>Pr\u00e9f\u00e9rences<\/em> en fonction de votre syst\u00e8me op\u00e9ratif.<\/li>\n<li>Cliquez sur <em>Confidentialit\u00e9<\/em><\/li>\n<li>Sous <em>Historique<\/em>, choisissez <em>Utiliser les param\u00e8tres personnalis\u00e9s pour l&rsquo;historique.<\/em><\/li>\n<li>Vous verrez maintenant l&rsquo;option <em>Accepter les cookies,<\/em> vous pouvez l&rsquo;activer ou la d\u00e9sactiver selon vos pr\u00e9f\u00e9rences.<\/li>\n<\/ol>\n<p>Pour acc\u00e9der aux param\u00e8tres des <em>cookies<\/em> dans le navigateur <strong>Safari pour OSX<\/strong>, suivez les \u00e9tapes suivantes (elles peuvent varier en fonction de la version du navigateur) :<\/p>\n<ol>\n<li>Allez dans <em>Pr\u00e9f\u00e9rences<\/em>, puis dans <em>Confidentialit\u00e9<\/em>.<\/li>\n<li>L&rsquo;option <em>Bloquer les cookies<\/em> vous permet de d\u00e9finir le type de blocage que vous souhaitez.<\/li>\n<\/ol>\n<p>Pour acc\u00e9der aux param\u00e8tres des <em>cookies<\/em> dans le navigateur <strong>Safari pour iOS,<\/strong>suivez les \u00e9tapes suivantes (elles peuvent varier en fonction de la version du navigateur):<\/p>\n<ol>\n<li>Allez dans <em>Param\u00e8tres<\/em>, puis dans <em>Safari<\/em>.<\/li>\n<li>Allez dans <em>Confidentialit\u00e9 et S\u00e9curit\u00e9<\/em>, vous verrez l&rsquo;option <em>Bloquer les cookies<\/em> qui vous permettra de r\u00e9gler le type de blocage que vous souhaitez effectuer.<\/li>\n<\/ol>\n<p>Pour acc\u00e9der aux param\u00e8tres des <em>cookies<\/em> de votre navigateur pour les appareils <strong>Android<\/strong>, suivez les \u00e9tapes suivantes (elles peuvent varier en fonction de la version du navigateur):<\/p>\n<ol>\n<li>Lancez le navigateur et appuyez sur la touche <em>Menu<\/em>, puis sur <em>Param\u00e8tres<\/em>.<\/li>\n<li>Allez dans <em>S\u00e9curit\u00e9 et Confidentialit\u00e9<\/em>, vous verrez l&rsquo;option <em>Accepter les cookies<\/em> pour cocher ou d\u00e9cocher la case.<\/li>\n<\/ol>\n<p>Pour acc\u00e9der aux param\u00e8tres des <em>cookies<\/em> de votre navigateur pour les appareils <strong>Windows Phone<\/strong>, suivez les \u00e9tapes suivantes (elles peuvent varier en fonction de la version du navigateur):<\/p>\n<ol>\n<li>Ouvrez <em>Internet Explorer<\/em>, puis <em>Plus<\/em>, puis <em>Param\u00e8tres<\/em><\/li>\n<li>Vous pouvez maintenant cocher ou d\u00e9cocher la case <em>Autoriser les cookies.<\/em><\/li>\n<\/ol>\n[\/vc_column_text][\/vc_column][\/vc_row]\n<\/section>","protected":false},"excerpt":{"rendered":"<p>[vc_row][vc_column][vc_column_text]Un cookie est un petit fichier texte qui est stock\u00e9 dans votre navigateur lorsque vous visitez presque n&rsquo;importe quel site web. Il est utile pour le site web de pouvoir se souvenir de votre visite lorsque vous revenez sur cette page. Les cookies stockent g\u00e9n\u00e9ralement des informations de nature technique, des pr\u00e9f\u00e9rences personnelles, la personnalisation&hellip;<\/p>\n","protected":false},"author":1,"featured_media":0,"parent":0,"menu_order":19,"comment_status":"closed","ping_status":"closed","template":"templates\/no-sidebar.php","meta":[],"acf":[],"yoast_head":"<!-- This site is optimized with the Yoast SEO plugin v21.1 - https:\/\/yoast.com\/wordpress\/plugins\/seo\/ -->\n<title>Politique des cookies - Gaud\u00ed Stone<\/title>\n<meta name=\"robots\" content=\"index, follow, max-snippet:-1, max-image-preview:large, max-video-preview:-1\" \/>\n<link rel=\"canonical\" href=\"https:\/\/gaudistone.com\/fr\/politique-des-cookies\/\" \/>\n<meta property=\"og:locale\" content=\"fr_FR\" \/>\n<meta property=\"og:type\" content=\"article\" \/>\n<meta property=\"og:title\" content=\"Politique des cookies - Gaud\u00ed Stone\" \/>\n<meta property=\"og:description\" content=\"[vc_row][vc_column][vc_column_text]Un cookie est un petit fichier texte qui est stock\u00e9 dans votre navigateur lorsque vous visitez presque n&rsquo;importe quel site web. Il est utile pour le site web de pouvoir se souvenir de votre visite lorsque vous revenez sur cette page. Les cookies stockent g\u00e9n\u00e9ralement des informations de nature technique, des pr\u00e9f\u00e9rences personnelles, la personnalisation&hellip;\" \/>\n<meta property=\"og:url\" content=\"https:\/\/gaudistone.com\/fr\/politique-des-cookies\/\" \/>\n<meta property=\"og:site_name\" content=\"Gaud\u00ed Stone\" \/>\n<meta property=\"article:modified_time\" content=\"2023-09-17T08:41:03+00:00\" \/>\n<meta name=\"twitter:card\" content=\"summary_large_image\" \/>\n<meta name=\"twitter:label1\" content=\"Dur\u00e9e de lecture estim\u00e9e\" \/>\n\t<meta name=\"twitter:data1\" content=\"9 minutes\" \/>\n<script type=\"application\/ld+json\" class=\"yoast-schema-graph\">{\"@context\":\"https:\/\/schema.org\",\"@graph\":[{\"@type\":\"WebPage\",\"@id\":\"https:\/\/gaudistone.com\/fr\/politique-des-cookies\/\",\"url\":\"https:\/\/gaudistone.com\/fr\/politique-des-cookies\/\",\"name\":\"Politique des cookies - Gaud\u00ed Stone\",\"isPartOf\":{\"@id\":\"https:\/\/gaudistone.com\/#website\"},\"datePublished\":\"2021-07-06T10:37:55+00:00\",\"dateModified\":\"2023-09-17T08:41:03+00:00\",\"breadcrumb\":{\"@id\":\"https:\/\/gaudistone.com\/fr\/politique-des-cookies\/#breadcrumb\"},\"inLanguage\":\"fr-FR\",\"potentialAction\":[{\"@type\":\"ReadAction\",\"target\":[\"https:\/\/gaudistone.com\/fr\/politique-des-cookies\/\"]}]},{\"@type\":\"BreadcrumbList\",\"@id\":\"https:\/\/gaudistone.com\/fr\/politique-des-cookies\/#breadcrumb\",\"itemListElement\":[{\"@type\":\"ListItem\",\"position\":1,\"name\":\"Portada\",\"item\":\"https:\/\/gaudistone.com\/fr\/\"},{\"@type\":\"ListItem\",\"position\":2,\"name\":\"Politique des cookies\"}]},{\"@type\":\"WebSite\",\"@id\":\"https:\/\/gaudistone.com\/#website\",\"url\":\"https:\/\/gaudistone.com\/\",\"name\":\"Gaud\u00ed Stone\",\"description\":\"Piedra natural ECO en elaboraci\u00f3n\",\"publisher\":{\"@id\":\"https:\/\/gaudistone.com\/#organization\"},\"potentialAction\":[{\"@type\":\"SearchAction\",\"target\":{\"@type\":\"EntryPoint\",\"urlTemplate\":\"https:\/\/gaudistone.com\/?s={search_term_string}\"},\"query-input\":\"required name=search_term_string\"}],\"inLanguage\":\"fr-FR\"},{\"@type\":\"Organization\",\"@id\":\"https:\/\/gaudistone.com\/#organization\",\"name\":\"Gaud\u00ed Stone\",\"url\":\"https:\/\/gaudistone.com\/\",\"logo\":{\"@type\":\"ImageObject\",\"inLanguage\":\"fr-FR\",\"@id\":\"https:\/\/gaudistone.com\/#\/schema\/logo\/image\/\",\"url\":\"https:\/\/gaudistone.com\/wp-content\/uploads\/2023\/05\/logo-gaudistone.png\",\"contentUrl\":\"https:\/\/gaudistone.com\/wp-content\/uploads\/2023\/05\/logo-gaudistone.png\",\"width\":320,\"height\":138,\"caption\":\"Gaud\u00ed Stone\"},\"image\":{\"@id\":\"https:\/\/gaudistone.com\/#\/schema\/logo\/image\/\"}}]}<\/script>\n<!-- \/ Yoast SEO plugin. -->","yoast_head_json":{"title":"Politique des cookies - Gaud\u00ed Stone","robots":{"index":"index","follow":"follow","max-snippet":"max-snippet:-1","max-image-preview":"max-image-preview:large","max-video-preview":"max-video-preview:-1"},"canonical":"https:\/\/gaudistone.com\/fr\/politique-des-cookies\/","og_locale":"fr_FR","og_type":"article","og_title":"Politique des cookies - Gaud\u00ed Stone","og_description":"[vc_row][vc_column][vc_column_text]Un cookie est un petit fichier texte qui est stock\u00e9 dans votre navigateur lorsque vous visitez presque n&rsquo;importe quel site web. Il est utile pour le site web de pouvoir se souvenir de votre visite lorsque vous revenez sur cette page. Les cookies stockent g\u00e9n\u00e9ralement des informations de nature technique, des pr\u00e9f\u00e9rences personnelles, la personnalisation&hellip;","og_url":"https:\/\/gaudistone.com\/fr\/politique-des-cookies\/","og_site_name":"Gaud\u00ed Stone","article_modified_time":"2023-09-17T08:41:03+00:00","twitter_card":"summary_large_image","twitter_misc":{"Dur\u00e9e de lecture estim\u00e9e":"9 minutes"},"schema":{"@context":"https:\/\/schema.org","@graph":[{"@type":"WebPage","@id":"https:\/\/gaudistone.com\/fr\/politique-des-cookies\/","url":"https:\/\/gaudistone.com\/fr\/politique-des-cookies\/","name":"Politique des cookies - Gaud\u00ed Stone","isPartOf":{"@id":"https:\/\/gaudistone.com\/#website"},"datePublished":"2021-07-06T10:37:55+00:00","dateModified":"2023-09-17T08:41:03+00:00","breadcrumb":{"@id":"https:\/\/gaudistone.com\/fr\/politique-des-cookies\/#breadcrumb"},"inLanguage":"fr-FR","potentialAction":[{"@type":"ReadAction","target":["https:\/\/gaudistone.com\/fr\/politique-des-cookies\/"]}]},{"@type":"BreadcrumbList","@id":"https:\/\/gaudistone.com\/fr\/politique-des-cookies\/#breadcrumb","itemListElement":[{"@type":"ListItem","position":1,"name":"Portada","item":"https:\/\/gaudistone.com\/fr\/"},{"@type":"ListItem","position":2,"name":"Politique des cookies"}]},{"@type":"WebSite","@id":"https:\/\/gaudistone.com\/#website","url":"https:\/\/gaudistone.com\/","name":"Gaud\u00ed Stone","description":"Piedra natural ECO en elaboraci\u00f3n","publisher":{"@id":"https:\/\/gaudistone.com\/#organization"},"potentialAction":[{"@type":"SearchAction","target":{"@type":"EntryPoint","urlTemplate":"https:\/\/gaudistone.com\/?s={search_term_string}"},"query-input":"required name=search_term_string"}],"inLanguage":"fr-FR"},{"@type":"Organization","@id":"https:\/\/gaudistone.com\/#organization","name":"Gaud\u00ed Stone","url":"https:\/\/gaudistone.com\/","logo":{"@type":"ImageObject","inLanguage":"fr-FR","@id":"https:\/\/gaudistone.com\/#\/schema\/logo\/image\/","url":"https:\/\/gaudistone.com\/wp-content\/uploads\/2023\/05\/logo-gaudistone.png","contentUrl":"https:\/\/gaudistone.com\/wp-content\/uploads\/2023\/05\/logo-gaudistone.png","width":320,"height":138,"caption":"Gaud\u00ed Stone"},"image":{"@id":"https:\/\/gaudistone.com\/#\/schema\/logo\/image\/"}}]}},"_links":{"self":[{"href":"https:\/\/gaudistone.com\/fr\/wp-json\/wp\/v2\/pages\/2973"}],"collection":[{"href":"https:\/\/gaudistone.com\/fr\/wp-json\/wp\/v2\/pages"}],"about":[{"href":"https:\/\/gaudistone.com\/fr\/wp-json\/wp\/v2\/types\/page"}],"author":[{"embeddable":true,"href":"https:\/\/gaudistone.com\/fr\/wp-json\/wp\/v2\/users\/1"}],"replies":[{"embeddable":true,"href":"https:\/\/gaudistone.com\/fr\/wp-json\/wp\/v2\/comments?post=2973"}],"version-history":[{"count":2,"href":"https:\/\/gaudistone.com\/fr\/wp-json\/wp\/v2\/pages\/2973\/revisions"}],"predecessor-version":[{"id":2975,"href":"https:\/\/gaudistone.com\/fr\/wp-json\/wp\/v2\/pages\/2973\/revisions\/2975"}],"wp:attachment":[{"href":"https:\/\/gaudistone.com\/fr\/wp-json\/wp\/v2\/media?parent=2973"}],"curies":[{"name":"wp","href":"https:\/\/api.w.org\/{rel}","templated":true}]}}